{"id":2784,"date":"2024-08-27T07:40:57","date_gmt":"2024-08-27T07:40:57","guid":{"rendered":"https:\/\/arcolvasas.hu\/?page_id=2784"},"modified":"2024-10-01T09:28:45","modified_gmt":"2024-10-01T09:28:45","slug":"modell-jelentkezes","status":"publish","type":"page","link":"https:\/\/arcolvasas.hu\/index.php\/modell-jelentkezes\/","title":{"rendered":"Modell jelentkez\u00e9s"},"content":{"rendered":"\t\t<div data-elementor-type=\"wp-page\" data-elementor-id=\"2784\" class=\"elementor elementor-2784\" data-elementor-post-type=\"page\">\n\t\t\t\t<div class=\"elementor-element elementor-element-e5a63c2 e-flex e-con-boxed e-con e-parent\" data-id=\"e5a63c2\" data-element_type=\"container\" data-e-type=\"container\" data-settings=\"{&quot;background_background&quot;:&quot;classic&quot;}\">\n\t\t\t\t\t<div class=\"e-con-inner\">\n\t\t\t\t<div class=\"elementor-element elementor-element-991dfa8 elementor-widget elementor-widget-heading\" data-id=\"991dfa8\" data-element_type=\"widget\" data-e-type=\"widget\" data-widget_type=\"heading.default\">\n\t\t\t\t<div class=\"elementor-widget-container\">\n\t\t\t\t\t<h2 class=\"elementor-heading-title elementor-size-default\">modell jelentkez\u00e9s arcolvas\u00e1shoz<\/h2>\t\t\t\t<\/div>\n\t\t\t\t<\/div>\n\t\t\t\t<div class=\"elementor-element elementor-element-cc77d58 elementor-widget elementor-widget-heading\" data-id=\"cc77d58\" data-element_type=\"widget\" data-e-type=\"widget\" data-widget_type=\"heading.default\">\n\t\t\t\t<div class=\"elementor-widget-container\">\n\t\t\t\t\t<h2 class=\"elementor-heading-title elementor-size-default\">Ha sz\u00edvesen felfedezn\u00e9d arcod titkait modellk\u00e9nt, jelentkezz most!<\/h2>\t\t\t\t<\/div>\n\t\t\t\t<\/div>\n\t\t\t\t\t<\/div>\n\t\t\t\t<\/div>\n\t\t<div class=\"elementor-element elementor-element-4adef37 e-flex e-con-boxed e-con e-parent\" data-id=\"4adef37\" data-element_type=\"container\" data-e-type=\"container\" data-settings=\"{&quot;background_background&quot;:&quot;classic&quot;,&quot;shape_divider_bottom&quot;:&quot;waves&quot;}\">\n\t\t\t\t\t<div class=\"e-con-inner\">\n\t\t\t\t<div class=\"elementor-shape elementor-shape-bottom\" aria-hidden=\"true\" data-negative=\"false\">\n\t\t\t<svg xmlns=\"http:\/\/www.w3.org\/2000\/svg\" viewBox=\"0 0 1000 100\" preserveAspectRatio=\"none\">\n\t<path class=\"elementor-shape-fill\" d=\"M421.9,6.5c22.6-2.5,51.5,0.4,75.5,5.3c23.6,4.9,70.9,23.5,100.5,35.7c75.8,32.2,133.7,44.5,192.6,49.7\n\tc23.6,2.1,48.7,3.5,103.4-2.5c54.7-6,106.2-25.6,106.2-25.6V0H0v30.3c0,0,72,32.6,158.4,30.5c39.2-0.7,92.8-6.7,134-22.4\n\tc21.2-8.1,52.2-18.2,79.7-24.2C399.3,7.9,411.6,7.5,421.9,6.5z\"\/>\n<\/svg>\t\t<\/div>\n\t\t<div class=\"elementor-element elementor-element-5206607 e-con-full e-flex e-con e-child\" data-id=\"5206607\" data-element_type=\"container\" data-e-type=\"container\">\n\t\t\t\t<div class=\"elementor-element elementor-element-b80d1e4 elementor-widget__width-initial elementor-widget elementor-widget-text-editor\" data-id=\"b80d1e4\" data-element_type=\"widget\" data-e-type=\"widget\" data-widget_type=\"text-editor.default\">\n\t\t\t\t<div class=\"elementor-widget-container\">\n\t\t\t\t\t\t\t\t\t<p>K\u00e9pzeld el, hogy egy \u00faj perspekt\u00edv\u00e1b\u00f3l pillanthatsz \u00f6nmagadra, mik\u00f6zben felfedezed az arcolvas\u00e1s izgalmas vil\u00e1g\u00e1t.<\/p><p>Ha k\u00edv\u00e1ncsi vagy, hogyan m\u0171k\u00f6dik ez a k\u00fcl\u00f6nleges m\u00f3dszer, \u00f6r\u00f6mmel aj\u00e1nljuk figyelmedbe az al\u00e1bbi alkalmakat, hogy szem\u00e9lyesen is kipr\u00f3b\u00e1lhasd!<\/p><h3><strong>Milyen \u00e9lm\u00e9ny v\u00e1r r\u00e1d egy arcolvas\u00e1si gyakorl\u00e1son modellk\u00e9nt?<\/strong><\/h3>\t\t\t\t\t\t\t\t<\/div>\n\t\t\t\t<\/div>\n\t\t\t\t<div class=\"elementor-element elementor-element-30dd245 elementor-icon-list--layout-traditional elementor-list-item-link-full_width elementor-widget elementor-widget-icon-list\" data-id=\"30dd245\" data-element_type=\"widget\" data-e-type=\"widget\" data-widget_type=\"icon-list.default\">\n\t\t\t\t<div class=\"elementor-widget-container\">\n\t\t\t\t\t\t\t<ul class=\"elementor-icon-list-items\">\n\t\t\t\t\t\t\t<li class=\"elementor-icon-list-item\">\n\t\t\t\t\t\t\t\t\t\t\t<span class=\"elementor-icon-list-icon\">\n\t\t\t\t\t\t\t<i aria-hidden=\"true\" class=\"icon icon-brush\"><\/i>\t\t\t\t\t\t<\/span>\n\t\t\t\t\t\t\t\t\t\t<span class=\"elementor-icon-list-text\">Modellk\u00e9nt a te egyedis\u00e9ged lesz a k\u00f6z\u00e9ppontban, amely seg\u00edt a r\u00e9sztvev\u0151knek az arcolvas\u00e1s m\u0171v\u00e9szet\u00e9nek elsaj\u00e1t\u00edt\u00e1s\u00e1ban.<\/span>\n\t\t\t\t\t\t\t\t\t<\/li>\n\t\t\t\t\t\t\t\t<li class=\"elementor-icon-list-item\">\n\t\t\t\t\t\t\t\t\t\t\t<span class=\"elementor-icon-list-icon\">\n\t\t\t\t\t\t\t<i aria-hidden=\"true\" class=\"icon icon-search-4\"><\/i>\t\t\t\t\t\t<\/span>\n\t\t\t\t\t\t\t\t\t\t<span class=\"elementor-icon-list-text\">A gyakorl\u00f3k az arcod alapj\u00e1n k\u00fcl\u00f6nb\u00f6z\u0151 meg\u00e1llap\u00edt\u00e1sokat tesznek, te pedig \u00f6nismeretedre t\u00e1maszkodva adhatsz visszajelz\u00e9seket a csoportnak.<\/span>\n\t\t\t\t\t\t\t\t\t<\/li>\n\t\t\t\t\t\t\t\t<li class=\"elementor-icon-list-item\">\n\t\t\t\t\t\t\t\t\t\t\t<span class=\"elementor-icon-list-icon\">\n\t\t\t\t\t\t\t<i aria-hidden=\"true\" class=\"icon icon-image-masking\"><\/i>\t\t\t\t\t\t<\/span>\n\t\t\t\t\t\t\t\t\t\t<span class=\"elementor-icon-list-text\">A folyamat v\u00e9g\u00e9n m\u00e9lyebb betekint\u00e9st nyer\u00fcnk a szem\u00e9lyis\u00e9gedbe, \u00e9s \u00fajabb felfedez\u00e9sekkel, \u00f6sszef\u00fcgg\u00e9sekkel gazdag\u00edtjuk az \u00f6nismeretedet.<\/span>\n\t\t\t\t\t\t\t\t\t<\/li>\n\t\t\t\t\t\t<\/ul>\n\t\t\t\t\t\t<\/div>\n\t\t\t\t<\/div>\n\t\t\t\t<\/div>\n\t\t<div class=\"elementor-element elementor-element-8c51052 e-con-full e-flex e-con e-child\" data-id=\"8c51052\" data-element_type=\"container\" data-e-type=\"container\">\n\t\t\t\t<div class=\"elementor-element elementor-element-501e0a2 elementor-widget elementor-widget-image\" data-id=\"501e0a2\" data-element_type=\"widget\" data-e-type=\"widget\" data-widget_type=\"image.default\">\n\t\t\t\t<div class=\"elementor-widget-container\">\n\t\t\t\t\t\t\t\t\t\t\t\t\t\t\t<img fetchpriority=\"high\" decoding=\"async\" width=\"800\" height=\"534\" src=\"https:\/\/arcolvasas.hu\/wp-content\/uploads\/2024\/06\/7742.jpg\" class=\"attachment-large size-large wp-image-426\" alt=\"\" srcset=\"https:\/\/arcolvasas.hu\/wp-content\/uploads\/2024\/06\/7742.jpg 1000w, https:\/\/arcolvasas.hu\/wp-content\/uploads\/2024\/06\/7742-300x200.jpg 300w, https:\/\/arcolvasas.hu\/wp-content\/uploads\/2024\/06\/7742-768x512.jpg 768w\" sizes=\"(max-width: 800px) 100vw, 800px\" \/>\t\t\t\t\t\t\t\t\t\t\t\t\t\t\t<\/div>\n\t\t\t\t<\/div>\n\t\t\t\t<div class=\"elementor-element elementor-element-22e70b0 elementor-widget elementor-widget-text-editor\" data-id=\"22e70b0\" data-element_type=\"widget\" data-e-type=\"widget\" data-widget_type=\"text-editor.default\">\n\t\t\t\t<div class=\"elementor-widget-container\">\n\t\t\t\t\t\t\t\t\t<p>Ez egy kiv\u00e9teles lehet\u0151s\u00e9g, hogy jobban meg\u00e9rtsd \u00f6nmagadat, \u00e9s \u00faj oldaladat ismerd meg!<\/p>\t\t\t\t\t\t\t\t<\/div>\n\t\t\t\t<\/div>\n\t\t\t\t<\/div>\n\t\t\t\t\t<\/div>\n\t\t\t\t<\/div>\n\t\t<div class=\"elementor-element elementor-element-257c9fd e-flex e-con-boxed e-con e-parent\" data-id=\"257c9fd\" data-element_type=\"container\" data-e-type=\"container\" data-settings=\"{&quot;background_background&quot;:&quot;classic&quot;}\">\n\t\t\t\t\t<div class=\"e-con-inner\">\n\t\t<div class=\"elementor-element elementor-element-126cd5e e-con-full e-flex e-con e-child\" data-id=\"126cd5e\" data-element_type=\"container\" data-e-type=\"container\">\n\t\t\t\t<div class=\"elementor-element elementor-element-29a0e3d elementor-widget elementor-widget-image\" data-id=\"29a0e3d\" data-element_type=\"widget\" data-e-type=\"widget\" data-widget_type=\"image.default\">\n\t\t\t\t<div class=\"elementor-widget-container\">\n\t\t\t\t\t\t\t\t\t\t\t\t\t\t\t<img decoding=\"async\" width=\"800\" height=\"800\" src=\"https:\/\/arcolvasas.hu\/wp-content\/uploads\/2024\/09\/240819.jpg\" class=\"attachment-large size-large wp-image-3149\" alt=\"\" srcset=\"https:\/\/arcolvasas.hu\/wp-content\/uploads\/2024\/09\/240819.jpg 1000w, https:\/\/arcolvasas.hu\/wp-content\/uploads\/2024\/09\/240819-300x300.jpg 300w, https:\/\/arcolvasas.hu\/wp-content\/uploads\/2024\/09\/240819-150x150.jpg 150w, https:\/\/arcolvasas.hu\/wp-content\/uploads\/2024\/09\/240819-768x768.jpg 768w\" sizes=\"(max-width: 800px) 100vw, 800px\" \/>\t\t\t\t\t\t\t\t\t\t\t\t\t\t\t<\/div>\n\t\t\t\t<\/div>\n\t\t\t\t<\/div>\n\t\t<div class=\"elementor-element elementor-element-b348ef0 e-con-full e-flex e-con e-child\" data-id=\"b348ef0\" data-element_type=\"container\" data-e-type=\"container\">\n\t\t\t\t<div class=\"elementor-element elementor-element-5deb244 elementor-view-default elementor-position-block-start elementor-widget elementor-widget-icon-box\" data-id=\"5deb244\" data-element_type=\"widget\" data-e-type=\"widget\" data-widget_type=\"icon-box.default\">\n\t\t\t\t<div class=\"elementor-widget-container\">\n\t\t\t\t\t\t\t<div class=\"elementor-icon-box-wrapper\">\n\n\t\t\t\t\t\t<div class=\"elementor-icon-box-icon\">\n\t\t\t\t<a href=\"https:\/\/app.minup.io\/book\/stampf-krisztina-e-v\/service\/18803\" target=\"_blank\" class=\"elementor-icon\" tabindex=\"-1\" aria-label=\"Id\u0151pont lehet\u0151s\u00e9gek\" rel=\"noopener\">\n\t\t\t\t<i aria-hidden=\"true\" class=\"icon icon-calendar3\"><\/i>\t\t\t\t<\/a>\n\t\t\t<\/div>\n\t\t\t\n\t\t\t\t\t\t<div class=\"elementor-icon-box-content\">\n\n\t\t\t\t\t\t\t\t\t<h3 class=\"elementor-icon-box-title\">\n\t\t\t\t\t\t<a href=\"https:\/\/app.minup.io\/book\/stampf-krisztina-e-v\/service\/18803\" target=\"_blank\" rel=\"noopener\">\n\t\t\t\t\t\t\tId\u0151pont lehet\u0151s\u00e9gek\t\t\t\t\t\t<\/a>\n\t\t\t\t\t<\/h3>\n\t\t\t\t\n\t\t\t\t\t\t\t\t\t<p class=\"elementor-icon-box-description\">\n\t\t\t\t\t\tAz al\u00e1bbi napokra tudsz regisztr\u00e1lni. Ha az id\u0151pontot nem l\u00e1tod a foglal\u00e1sn\u00e1l, az azt jelenti, hogy m\u00e1r betelt.\n<br>\n\n<br>december 4.\n\t\t\t\t\t<\/p>\n\t\t\t\t\n\t\t\t<\/div>\n\t\t\t\n\t\t<\/div>\n\t\t\t\t\t\t<\/div>\n\t\t\t\t<\/div>\n\t\t\t\t<\/div>\n\t\t\t\t\t<\/div>\n\t\t\t\t<\/div>\n\t\t<div class=\"elementor-element elementor-element-d47acbc e-flex e-con-boxed e-con e-parent\" data-id=\"d47acbc\" data-element_type=\"container\" data-e-type=\"container\" data-settings=\"{&quot;background_background&quot;:&quot;classic&quot;}\">\n\t\t\t\t\t<div class=\"e-con-inner\">\n\t\t<div class=\"elementor-element elementor-element-f702ac9 e-con-full e-flex e-con e-child\" data-id=\"f702ac9\" data-element_type=\"container\" data-e-type=\"container\">\n\t\t\t\t<div class=\"elementor-element elementor-element-061cfb6 elementor-view-default elementor-position-block-start elementor-widget elementor-widget-icon-box\" data-id=\"061cfb6\" data-element_type=\"widget\" data-e-type=\"widget\" data-widget_type=\"icon-box.default\">\n\t\t\t\t<div class=\"elementor-widget-container\">\n\t\t\t\t\t\t\t<div class=\"elementor-icon-box-wrapper\">\n\n\t\t\t\t\t\t<div class=\"elementor-icon-box-icon\">\n\t\t\t\t<a href=\"https:\/\/app.minup.io\/book\/stampf-krisztina-e-v\/service\/18803\" target=\"_blank\" class=\"elementor-icon\" tabindex=\"-1\" aria-label=\"Helysz\u00edn\" rel=\"noopener\">\n\t\t\t\t<i aria-hidden=\"true\" class=\"icon icon-map-marker1\"><\/i>\t\t\t\t<\/a>\n\t\t\t<\/div>\n\t\t\t\n\t\t\t\t\t\t<div class=\"elementor-icon-box-content\">\n\n\t\t\t\t\t\t\t\t\t<h3 class=\"elementor-icon-box-title\">\n\t\t\t\t\t\t<a href=\"https:\/\/app.minup.io\/book\/stampf-krisztina-e-v\/service\/18803\" target=\"_blank\" rel=\"noopener\">\n\t\t\t\t\t\t\tHelysz\u00edn\t\t\t\t\t\t<\/a>\n\t\t\t\t\t<\/h3>\n\t\t\t\t\n\t\t\t\t\t\t\t\t\t<p class=\"elementor-icon-box-description\">\n\t\t\t\t\t\tBudapest XIV. ker\u00fclet, r\u00e9szleteket e-mailben k\u00fcld\u00fcnk.\t\t\t\t\t<\/p>\n\t\t\t\t\n\t\t\t<\/div>\n\t\t\t\n\t\t<\/div>\n\t\t\t\t\t\t<\/div>\n\t\t\t\t<\/div>\n\t\t\t\t<\/div>\n\t\t<div class=\"elementor-element elementor-element-b42eb05 e-con-full e-flex e-con e-child\" data-id=\"b42eb05\" data-element_type=\"container\" data-e-type=\"container\">\n\t\t\t\t<div class=\"elementor-element elementor-element-cc5707d elementor-view-default elementor-position-block-start elementor-widget elementor-widget-icon-box\" data-id=\"cc5707d\" data-element_type=\"widget\" data-e-type=\"widget\" data-widget_type=\"icon-box.default\">\n\t\t\t\t<div class=\"elementor-widget-container\">\n\t\t\t\t\t\t\t<div class=\"elementor-icon-box-wrapper\">\n\n\t\t\t\t\t\t<div class=\"elementor-icon-box-icon\">\n\t\t\t\t<a href=\"https:\/\/app.minup.io\/book\/stampf-krisztina-e-v\/service\/18803\" target=\"_blank\" class=\"elementor-icon\" tabindex=\"-1\" aria-label=\"R\u00e9szv\u00e9teli d\u00edj\" rel=\"noopener\">\n\t\t\t\t<i aria-hidden=\"true\" class=\"icon icon-gift\"><\/i>\t\t\t\t<\/a>\n\t\t\t<\/div>\n\t\t\t\n\t\t\t\t\t\t<div class=\"elementor-icon-box-content\">\n\n\t\t\t\t\t\t\t\t\t<h3 class=\"elementor-icon-box-title\">\n\t\t\t\t\t\t<a href=\"https:\/\/app.minup.io\/book\/stampf-krisztina-e-v\/service\/18803\" target=\"_blank\" rel=\"noopener\">\n\t\t\t\t\t\t\tR\u00e9szv\u00e9teli d\u00edj\t\t\t\t\t\t<\/a>\n\t\t\t\t\t<\/h3>\n\t\t\t\t\n\t\t\t\t\t\t\t\t\t<p class=\"elementor-icon-box-description\">\n\t\t\t\t\t\tAz alkalom <b>ingyenes<\/b>, mi k\u00f6sz\u00f6nj\u00fck az id\u0151d \u00e9s a jelenl\u00e9ted.\t\t\t\t\t<\/p>\n\t\t\t\t\n\t\t\t<\/div>\n\t\t\t\n\t\t<\/div>\n\t\t\t\t\t\t<\/div>\n\t\t\t\t<\/div>\n\t\t\t\t<\/div>\n\t\t\t\t\t<\/div>\n\t\t\t\t<\/div>\n\t\t<div class=\"elementor-element elementor-element-6cd73a0 e-flex e-con-boxed e-con e-parent\" data-id=\"6cd73a0\" data-element_type=\"container\" data-e-type=\"container\" data-settings=\"{&quot;background_background&quot;:&quot;classic&quot;}\">\n\t\t\t\t\t<div class=\"e-con-inner\">\n\t\t\t\t<div class=\"elementor-element elementor-element-7f05a7b elementor-widget elementor-widget-heading\" data-id=\"7f05a7b\" data-element_type=\"widget\" data-e-type=\"widget\" data-widget_type=\"heading.default\">\n\t\t\t\t<div class=\"elementor-widget-container\">\n\t\t\t\t\t<h2 class=\"elementor-heading-title elementor-size-default\">Jelentkezz modellnek az al\u00e1bbi gombra kattintva!<\/h2>\t\t\t\t<\/div>\n\t\t\t\t<\/div>\n\t\t\t\t<div class=\"elementor-element elementor-element-14e37f6 elementor-widget elementor-widget-text-editor\" data-id=\"14e37f6\" data-element_type=\"widget\" data-e-type=\"widget\" data-widget_type=\"text-editor.default\">\n\t\t\t\t<div class=\"elementor-widget-container\">\n\t\t\t\t\t\t\t\t\t<p>Tekintsd meg a m\u00e9g el\u00e9rhet\u0151 id\u0151pontokat!<\/p>\t\t\t\t\t\t\t\t<\/div>\n\t\t\t\t<\/div>\n\t\t\t\t<div class=\"elementor-element elementor-element-4334faf elementor-align-center elementor-widget elementor-widget-button\" data-id=\"4334faf\" data-element_type=\"widget\" data-e-type=\"widget\" data-widget_type=\"button.default\">\n\t\t\t\t<div class=\"elementor-widget-container\">\n\t\t\t\t\t\t\t\t\t<div class=\"elementor-button-wrapper\">\n\t\t\t\t\t<a class=\"elementor-button elementor-button-link elementor-size-sm\" href=\"https:\/\/app.minup.io\/book\/stampf-krisztina-e-v\/category\/4a5d97d8-8177-4f9e-baa4-bd5a5207b82c\" target=\"_blank\" rel=\"noopener\">\n\t\t\t\t\t\t<span class=\"elementor-button-content-wrapper\">\n\t\t\t\t\t\t\t\t\t<span class=\"elementor-button-text\">Id\u0151pontok megtekint\u00e9se<\/span>\n\t\t\t\t\t<\/span>\n\t\t\t\t\t<\/a>\n\t\t\t\t<\/div>\n\t\t\t\t\t\t\t\t<\/div>\n\t\t\t\t<\/div>\n\t\t\t\t\t<\/div>\n\t\t\t\t<\/div>\n\t\t\t\t<\/div>\n\t\t","protected":false},"excerpt":{"rendered":"<p>modell jelentkez\u00e9s arcolvas\u00e1shoz Ha sz\u00edvesen felfedezn\u00e9d arcod titkait modellk\u00e9nt, jelentkezz most! K\u00e9pzeld el, hogy egy \u00faj perspekt\u00edv\u00e1b\u00f3l pillanthatsz \u00f6nmagadra, mik\u00f6zben felfedezed az arcolvas\u00e1s izgalmas vil\u00e1g\u00e1t. Ha k\u00edv\u00e1ncsi vagy, hogyan m\u0171k\u00f6dik [&hellip;]<\/p>\n","protected":false},"author":1,"featured_media":0,"parent":0,"menu_order":0,"comment_status":"closed","ping_status":"closed","template":"elementor_header_footer","meta":{"_acf_changed":false,"footnotes":""},"class_list":["post-2784","page","type-page","status-publish","hentry"],"acf":[],"_links":{"self":[{"href":"https:\/\/arcolvasas.hu\/index.php\/wp-json\/wp\/v2\/pages\/2784","targetHints":{"allow":["GET"]}}],"collection":[{"href":"https:\/\/arcolvasas.hu\/index.php\/wp-json\/wp\/v2\/pages"}],"about":[{"href":"https:\/\/arcolvasas.hu\/index.php\/wp-json\/wp\/v2\/types\/page"}],"author":[{"embeddable":true,"href":"https:\/\/arcolvasas.hu\/index.php\/wp-json\/wp\/v2\/users\/1"}],"replies":[{"embeddable":true,"href":"https:\/\/arcolvasas.hu\/index.php\/wp-json\/wp\/v2\/comments?post=2784"}],"version-history":[{"count":55,"href":"https:\/\/arcolvasas.hu\/index.php\/wp-json\/wp\/v2\/pages\/2784\/revisions"}],"predecessor-version":[{"id":3334,"href":"https:\/\/arcolvasas.hu\/index.php\/wp-json\/wp\/v2\/pages\/2784\/revisions\/3334"}],"wp:attachment":[{"href":"https:\/\/arcolvasas.hu\/index.php\/wp-json\/wp\/v2\/media?parent=2784"}],"curies":[{"name":"wp","href":"https:\/\/api.w.org\/{rel}","templated":true}]}}