{"id":4228,"date":"2025-03-07T11:32:32","date_gmt":"2025-03-07T11:32:32","guid":{"rendered":"https:\/\/arcolvasas.hu\/index.php\/kosar\/"},"modified":"2025-04-07T15:42:50","modified_gmt":"2025-04-07T15:42:50","slug":"kosar","status":"publish","type":"page","link":"https:\/\/arcolvasas.hu\/index.php\/kosar\/","title":{"rendered":"Kos\u00e1r"},"content":{"rendered":"\t\t<div data-elementor-type=\"wp-page\" data-elementor-id=\"4228\" class=\"elementor elementor-4228\" data-elementor-post-type=\"page\">\n\t\t\t\t<div class=\"elementor-element elementor-element-5333a29 e-flex e-con-boxed e-con e-parent\" data-id=\"5333a29\" data-element_type=\"container\" data-e-type=\"container\">\n\t\t\t\t\t<div class=\"e-con-inner\">\n\t\t\t\t\t<\/div>\n\t\t\t\t<\/div>\n\t\t\t\t<\/div>\n\t\t","protected":false},"excerpt":{"rendered":"<p>T\u00e9tel t\u00f6rl\u00e9se B\u00e9lyegk\u00e9p Term\u00e9k \u00c1r Mennyis\u00e9g R\u00e9sz\u00f6sszeg &times; Az egy\u00e9n meg\u00e9rt\u00e9s\u00e9nek m\u0171v\u00e9szete tanfolyam 2025.05.01-04. (el\u0151leg) 85000,00&nbsp;&#70;&#116; Az egy\u00e9n meg\u00e9rt\u00e9s\u00e9nek m\u0171v\u00e9szete tanfolyam 2025.05.01-04. (el\u0151leg) mennyis\u00e9g 85000,00&nbsp;&#70;&#116; Rendel\u00e9s \u00f6sszege R\u00e9sz\u00f6sszeg 85000,00&nbsp;&#70;&#116; \u00d6sszeg [&hellip;]<\/p>\n","protected":false},"author":1,"featured_media":0,"parent":0,"menu_order":0,"comment_status":"closed","ping_status":"closed","template":"elementor_header_footer","meta":{"_acf_changed":false,"footnotes":""},"class_list":["post-4228","page","type-page","status-publish","hentry"],"acf":[],"_links":{"self":[{"href":"https:\/\/arcolvasas.hu\/index.php\/wp-json\/wp\/v2\/pages\/4228","targetHints":{"allow":["GET"]}}],"collection":[{"href":"https:\/\/arcolvasas.hu\/index.php\/wp-json\/wp\/v2\/pages"}],"about":[{"href":"https:\/\/arcolvasas.hu\/index.php\/wp-json\/wp\/v2\/types\/page"}],"author":[{"embeddable":true,"href":"https:\/\/arcolvasas.hu\/index.php\/wp-json\/wp\/v2\/users\/1"}],"replies":[{"embeddable":true,"href":"https:\/\/arcolvasas.hu\/index.php\/wp-json\/wp\/v2\/comments?post=4228"}],"version-history":[{"count":9,"href":"https:\/\/arcolvasas.hu\/index.php\/wp-json\/wp\/v2\/pages\/4228\/revisions"}],"predecessor-version":[{"id":4429,"href":"https:\/\/arcolvasas.hu\/index.php\/wp-json\/wp\/v2\/pages\/4228\/revisions\/4429"}],"wp:attachment":[{"href":"https:\/\/arcolvasas.hu\/index.php\/wp-json\/wp\/v2\/media?parent=4228"}],"curies":[{"name":"wp","href":"https:\/\/api.w.org\/{rel}","templated":true}]}}