{"id":4406,"date":"2025-04-07T13:02:33","date_gmt":"2025-04-07T13:02:33","guid":{"rendered":"https:\/\/arcolvasas.hu\/?post_type=product&#038;p=4406"},"modified":"2025-05-06T13:20:28","modified_gmt":"2025-05-06T13:20:28","slug":"kurzus-eloleg","status":"publish","type":"product","link":"https:\/\/arcolvasas.hu\/index.php\/termek\/kurzus-eloleg\/","title":{"rendered":"Sokatmond\u00f3 jelek kurzus 2025.05.11. (el\u0151leg)"},"content":{"rendered":"<p>Sokatmond\u00f3 jelek kurzusomon bevezetlek az Arcolvas\u00e1s vil\u00e1g\u00e1ba, hogy k\u00f6z\u00f6sen megalapozzuk a profi arcolvas\u00f3v\u00e1 v\u00e1l\u00e1sodat.<\/p>\n<p>A kurzusra jelentkezni \u00e9s az el\u0151leget befizetni ennek a term\u00e9knek a megv\u00e1s\u00e1rl\u00e1s\u00e1val tudod, minden tov\u00e1bbi inform\u00e1ci\u00f3t a p\u00e9nzt\u00e1rban megadott email c\u00edmedre fogok k\u00fcldeni az el\u0151leg be\u00e9rkez\u00e9se ut\u00e1n. V\u00e1rlak sok szeretettel a k\u00e9pz\u00e9sen!<\/p>\n<p>&lt;b&gt;<br \/>\nFigyelem!<br \/>\nK\u00e9pz\u00e9seim 2025-t\u0151l ritk\u00e1bban ker\u00fclnek megrendez\u00e9sre, \u00edgy korl\u00e1tozottabb a helyek sz\u00e1ma. Ha biztosan szeretn\u00e9l r\u00e9szt venni, jelentkezz az el\u0151leg befizet\u00e9s\u00e9vel \u00e9s miel\u0151bb biztos\u00edtsd be a helyed!<br \/>\n&lt;\/b&gt;<\/p>\n","protected":false},"excerpt":{"rendered":"<p>Sokatmond\u00f3 jelek kurzusomon bevezetlek az Arcolvas\u00e1s vil\u00e1g\u00e1ba, hogy k\u00f6z\u00f6sen megalapozzuk a profi arcolvas\u00f3v\u00e1 v\u00e1l\u00e1sodat. A kurzusra jelentkezni \u00e9s az el\u0151leget befizetni ennek a term\u00e9knek a megv\u00e1s\u00e1rl\u00e1s\u00e1val tudod, minden tov\u00e1bbi inform\u00e1ci\u00f3t [&hellip;]<\/p>\n","protected":false},"featured_media":1803,"comment_status":"closed","ping_status":"closed","template":"","meta":{"_acf_changed":false},"product_brand":[],"product_cat":[24],"product_tag":[27],"class_list":{"0":"post-4406","1":"product","2":"type-product","3":"status-publish","4":"has-post-thumbnail","6":"product_cat-kepzesek","7":"product_tag-kurzus","9":"first","10":"instock","11":"virtual","12":"sold-individually","13":"taxable","14":"purchasable","15":"product-type-simple"},"acf":[],"_links":{"self":[{"href":"https:\/\/arcolvasas.hu\/index.php\/wp-json\/wp\/v2\/product\/4406","targetHints":{"allow":["GET"]}}],"collection":[{"href":"https:\/\/arcolvasas.hu\/index.php\/wp-json\/wp\/v2\/product"}],"about":[{"href":"https:\/\/arcolvasas.hu\/index.php\/wp-json\/wp\/v2\/types\/product"}],"replies":[{"embeddable":true,"href":"https:\/\/arcolvasas.hu\/index.php\/wp-json\/wp\/v2\/comments?post=4406"}],"wp:featuredmedia":[{"embeddable":true,"href":"https:\/\/arcolvasas.hu\/index.php\/wp-json\/wp\/v2\/media\/1803"}],"wp:attachment":[{"href":"https:\/\/arcolvasas.hu\/index.php\/wp-json\/wp\/v2\/media?parent=4406"}],"wp:term":[{"taxonomy":"product_brand","embeddable":true,"href":"https:\/\/arcolvasas.hu\/index.php\/wp-json\/wp\/v2\/product_brand?post=4406"},{"taxonomy":"product_cat","embeddable":true,"href":"https:\/\/arcolvasas.hu\/index.php\/wp-json\/wp\/v2\/product_cat?post=4406"},{"taxonomy":"product_tag","embeddable":true,"href":"https:\/\/arcolvasas.hu\/index.php\/wp-json\/wp\/v2\/product_tag?post=4406"}],"curies":[{"name":"wp","href":"https:\/\/api.w.org\/{rel}","templated":true}]}}