{"id":4410,"date":"2025-04-07T13:19:39","date_gmt":"2025-04-07T13:19:39","guid":{"rendered":"https:\/\/arcolvasas.hu\/?post_type=product&#038;p=4410"},"modified":"2025-04-08T15:48:29","modified_gmt":"2025-04-08T15:48:29","slug":"tanfolyam-eloleg","status":"publish","type":"product","link":"https:\/\/arcolvasas.hu\/index.php\/termek\/tanfolyam-eloleg\/","title":{"rendered":"Az egy\u00e9n meg\u00e9rt\u00e9s\u00e9nek m\u0171v\u00e9szete tanfolyam 2025.05.01-04. (el\u0151leg)"},"content":{"rendered":"<p>Az egy\u00e9n meg\u00e9rt\u00e9s\u00e9nek m\u0171v\u00e9szete alptanfolyamon teljesk\u00f6r\u0171 betekint\u00e9st nyerhetsz az Arcolvas\u00e1s vil\u00e1g\u00e1ba.<\/p>\n<p>A tanfolyamra jelentkezni \u00e9s az el\u0151leget befizetni ennek a term\u00e9knek a megv\u00e1s\u00e1rl\u00e1s\u00e1val tudod, minden tov\u00e1bbi inform\u00e1ci\u00f3t a p\u00e9nzt\u00e1rban megadott email c\u00edmedre fogok k\u00fcldeni az el\u0151leg be\u00e9rkez\u00e9se ut\u00e1n. V\u00e1rlak sok szeretettel a k\u00e9pz\u00e9sen!<\/p>\n","protected":false},"excerpt":{"rendered":"<p>Az egy\u00e9n meg\u00e9rt\u00e9s\u00e9nek m\u0171v\u00e9szete alptanfolyamon teljesk\u00f6r\u0171 betekint\u00e9st nyerhetsz az Arcolvas\u00e1s vil\u00e1g\u00e1ba. A tanfolyamra jelentkezni \u00e9s az el\u0151leget befizetni ennek a term\u00e9knek a megv\u00e1s\u00e1rl\u00e1s\u00e1val tudod, minden tov\u00e1bbi inform\u00e1ci\u00f3t a p\u00e9nzt\u00e1rban megadott [&hellip;]<\/p>\n","protected":false},"featured_media":427,"comment_status":"closed","ping_status":"closed","template":"","meta":{"_acf_changed":false},"product_brand":[],"product_cat":[24],"product_tag":[26],"class_list":{"0":"post-4410","1":"product","2":"type-product","3":"status-publish","4":"has-post-thumbnail","6":"product_cat-kepzesek","7":"product_tag-tanfolyam","9":"first","10":"instock","11":"virtual","12":"sold-individually","13":"taxable","14":"purchasable","15":"product-type-simple"},"acf":[],"_links":{"self":[{"href":"https:\/\/arcolvasas.hu\/index.php\/wp-json\/wp\/v2\/product\/4410","targetHints":{"allow":["GET"]}}],"collection":[{"href":"https:\/\/arcolvasas.hu\/index.php\/wp-json\/wp\/v2\/product"}],"about":[{"href":"https:\/\/arcolvasas.hu\/index.php\/wp-json\/wp\/v2\/types\/product"}],"replies":[{"embeddable":true,"href":"https:\/\/arcolvasas.hu\/index.php\/wp-json\/wp\/v2\/comments?post=4410"}],"wp:featuredmedia":[{"embeddable":true,"href":"https:\/\/arcolvasas.hu\/index.php\/wp-json\/wp\/v2\/media\/427"}],"wp:attachment":[{"href":"https:\/\/arcolvasas.hu\/index.php\/wp-json\/wp\/v2\/media?parent=4410"}],"wp:term":[{"taxonomy":"product_brand","embeddable":true,"href":"https:\/\/arcolvasas.hu\/index.php\/wp-json\/wp\/v2\/product_brand?post=4410"},{"taxonomy":"product_cat","embeddable":true,"href":"https:\/\/arcolvasas.hu\/index.php\/wp-json\/wp\/v2\/product_cat?post=4410"},{"taxonomy":"product_tag","embeddable":true,"href":"https:\/\/arcolvasas.hu\/index.php\/wp-json\/wp\/v2\/product_tag?post=4410"}],"curies":[{"name":"wp","href":"https:\/\/api.w.org\/{rel}","templated":true}]}}